{"id":313,"date":"2018-09-07T13:48:38","date_gmt":"2018-09-07T11:48:38","guid":{"rendered":"https:\/\/www.webforumet.no\/finans\/?page_id=313"},"modified":"2018-09-24T10:27:01","modified_gmt":"2018-09-24T08:27:01","slug":"cookies-og-personvern","status":"publish","type":"page","link":"https:\/\/www.webforumet.no\/finans\/cookies-og-personvern\/","title":{"rendered":"Cookies og personvern"},"content":{"rendered":"<p>[et_pb_section fb_built=&raquo;1&#8243; _builder_version=&raquo;3.0.47&#8243;][et_pb_row background_color=&raquo;#ffffff&raquo; _builder_version=&raquo;3.13.1&#8243;][et_pb_column type=&raquo;4_4&#8243; _builder_version=&raquo;3.13.1&#8243; parallax=&raquo;off&raquo; parallax_method=&raquo;on&raquo;][et_pb_text _builder_version=&raquo;3.13.1&#8243; background_color=&raquo;#ffffff&raquo; custom_padding=&raquo;20px|20px|20px|20px|true|true&raquo;]<\/p>\n<h1>Cookies og Personvern<\/h1>\n<p>[\/et_pb_text][\/et_pb_column][\/et_pb_row][et_pb_row _builder_version=&raquo;3.0.48&#8243; background_size=&raquo;initial&raquo; background_position=&raquo;top_left&raquo; background_repeat=&raquo;repeat&raquo;][et_pb_column type=&raquo;3_5&#8243; _builder_version=&raquo;3.0.47&#8243; parallax=&raquo;off&raquo; parallax_method=&raquo;on&raquo;][et_pb_text _builder_version=&raquo;3.13.1&#8243; background_color=&raquo;#ffffff&raquo; custom_padding=&raquo;20px|20px|20px|20px|true|true&raquo;]<\/p>\n<h2>Cookies<\/h2>\n<p>Vi bruker cookies, ogs\u00e5 kalt, informasjonskapsler, p\u00e5 webforumet.no\/finans.no. Disse retningslinjene forklarer hvordan vi gj\u00f8r det.<\/p>\n<p><strong>Hva er en informasjonskapsel?<\/strong><br \/>\nEn cookie er en tekstfil som inneholder en liten mengde data som lastes ned til enheten du bruker for \u00e5 f\u00e5 tilgang til nettstedet v\u00e5rt og lagret p\u00e5 enhetens harddisk. Disse informasjonskapslene er til ulike form\u00e5l, blant annet \u00e5 la nettstedet v\u00e5rt gjenkjenne enheten n\u00e5r du bes\u00f8ker nettstedet igjen, s\u00f8rge for at du f\u00e5r tilsendt riktig innhold og til \u00e5 lagre informasjon om dine preferanser eller tjenester for deg.<br \/>\nSporingsbilder, eller andre lignende filer, kan ogs\u00e5 gj\u00f8re det samme. Vi bruker begrepet &laquo;cookies&raquo; i denne policyen for \u00e5 referere til alle filene som samler inn informasjon p\u00e5 denne m\u00e5ten.<\/p>\n<p><strong>Hvilke typer informasjonskapsler bruker vi?<\/strong><br \/>\nInformasjonskapsler p\u00e5 nettstedet v\u00e5rt kan deles inn i fire kategorier:<br \/>\n<em>Essensielle cookies<\/em><br \/>\nNoen informasjonskapsler er avgj\u00f8rende for driften av nettstedet v\u00e5rt. For eksempel vil cookies tillate oss \u00e5 identifisere brukere slik at de kan logge seg p\u00e5 kontoene sine. Hvis du velger \u00e5 deaktivere disse cookies, vil du ikke v\u00e6re i stand til \u00e5 f\u00e5 tilgang til kontoen din.<br \/>\n<em>Ytelsescookies<\/em><br \/>\nVi bruker cookies for \u00e5 analysere hvordan bes\u00f8kende bruker nettstedet v\u00e5rt og for \u00e5 overv\u00e5ke nettstedet v\u00e5rts ytelse. Dette gir oss muligheten til \u00e5 identifisere eventuelle problemer og raskt fikse eventuelle problemer. For eksempel kan vi bruke ytelsecookies for \u00e5 holde styr p\u00e5 hvilke sider som er mest popul\u00e6re. Vi kan ogs\u00e5 bruke ytelsecookies for \u00e5 vise lenker til andre sider som vi tror du kan v\u00e6re interessert i, basert p\u00e5 de sidene du har sett p\u00e5.<br \/>\n<em>Funksjonalitetscookies<\/em><br \/>\nVi bruker funksjonalitetcookies for \u00e5 huske dine preferanser. For eksempel til \u00e5 huske eventuelle endringer du har gjort i dine preferanser i kontoinnstillingene. Vi kan ogs\u00e5 bruke funksjonalitetcookies for \u00e5 gi deg andre tjenester, for eksempel slik at du kan se videoklipp p\u00e5 nettstedet v\u00e5rt.<br \/>\n<em>Annonserings- eller sporingskapsler<\/em><br \/>\nVi og v\u00e5re tredjeparts annons\u00f8rer bruker cookies for \u00e5 gi deg reklame som vi mener er relevante og av interesse for deg. For eksempel, hvis du ser p\u00e5 en artist eller hendelse du kan se reklame for samme artist eller hendelse eller lignende artister eller hendelser p\u00e5 nettstedet v\u00e5rt og andre nettsteder du bes\u00f8ker.<br \/>\n<em>Tredjeparts informasjonskapsler<\/em><br \/>\nV\u00e6r oppmerksom p\u00e5 at tredjeparter (for eksempel reklamenettverk) kan bruke informasjonskapsler, som vi ikke har noen kontroll over, for \u00e5 gi deg m\u00e5lrettet reklame. Disse cookiesene er sannsynlig v\u00e6re ytelse cookies eller reklame eller sporingskapsler. Vi kontrollerer ikke disse tredjeparts informasjonskapsler og for mer informasjon b\u00f8r du sjekke tredjepartspersonvern og \/ eller informasjonskapslerpolicyen.<\/p>\n<p><strong>Endre nettleserinnstillinger<\/strong><br \/>\nDu kan endre innstillingene p\u00e5 nettleseren din for \u00e5 begrense hvilke cookies kan stilles inn. Disse innstillingene er vanligvis funnet i &laquo;alternativer&raquo; eller &laquo;Innstillinger&raquo;-menyen i nettleseren.<br \/>\nYtterligere informasjon kan bli funnet her, eller i &#8216;Hjelp&#8217;-menyen i nettleseren din:<br \/>\nCookie-innstillinger i Internet Explorer<br \/>\nCookie-innstillinger i Chrome<br \/>\nCookie-innstillinger i Firefox<br \/>\nCookie-innstillinger i Safari<\/p>\n<p>Men hvis du endrer innstillingene og blokkere cookies, vil dette bety at visse funksjoner p\u00e5 nettstedet v\u00e5rt kan ikke bli gitt til deg, og du kan ikke v\u00e6re i stand til \u00e5 dra full nytte av alle v\u00e5re funksjonene p\u00e5 nettsiden v\u00e5r.<\/p>\n<p><strong>Mer informasjon<\/strong><br \/>\nDu kan finne ut mer om cookies p\u00e5:\u00a0<a href=\"http:\/\/www.allaboutcookies.org\/\">www.allaboutcookies.org<\/a>\u00a0eller\u00a0<a href=\"http:\/\/www.youronlinechoices.eu\/\">www.youronlinechoices.eu<\/a>.<br \/>\n[\/et_pb_text][\/et_pb_column][et_pb_column type=&raquo;2_5&#8243; _builder_version=&raquo;3.0.47&#8243; parallax=&raquo;off&raquo; parallax_method=&raquo;on&raquo;][et_pb_text _builder_version=&raquo;3.13.1&#8243; background_color=&raquo;#ffffff&raquo; custom_padding=&raquo;20px|20px|20px|20px|true|true&raquo;]<\/p>\n<h2>Personvern<\/h2>\n<p>Hos webforumet.no\/finans er dine personopplysninger i trygge hender, vi f\u00f8lger gjeldene krav som beskrevet i personopplysnigsloven. Med denne erkl\u00e6ringen \u00f8nsker vi \u00e5 gi en tydelig beskrivelse om hvordan vi samler inn, bruker og lagrer dine personopplysninger.<\/p>\n<p><strong>Form\u00e5l<\/strong><\/p>\n<p>I kontaktskjemaer samler vi inn persondata fra deg som kunde som du selv fyller ut i bestillingskjemaet. Dette er opplysninger som for eksempel navn, adresse, telefonnummer og e-postadresse. Disse opplysningene vil kunne deles med\u00a0 IT-leverand\u00f8rer i de tilfeller det vil v\u00e6re n\u00f8dvendig at et tredjepart behandler personopplysninger p\u00e5 vegne av oss. Da vil vi inng\u00e5 en databehandleravtale for \u00e5 sikre at dine personopplysninger ikke brukes til andre form\u00e5l.<\/p>\n<p><strong>Markedsf\u00f8ring<\/strong><\/p>\n<p>Kundeopplysningene kan brukes av webforumet.no\/finans i markedsf\u00f8ringsammenheng for \u00e5 gi deg informasjon om produkter og tilbud. Dersom du har valg \u00e5 melde deg p\u00e5 v\u00e5rt nyhetsbrev, vil vi bruke e-postadressen din til \u00e5 sende deg inspirasjon og tilbud. Du kan n\u00e5r du m\u00e5tte \u00f8nske melde deg av markedsf\u00f8ringslister.<\/p>\n<p><strong>Lagringstider<\/strong><\/p>\n<p>Dine personopplysninger blir lagret s\u00e5 lenge som det kreves for form\u00e5let med behandlingen. Etter tre \u00e5r blir dine personopplysninger og reisehistorikk slettet dersom du ikke har gitt oss samtykke til \u00e5 lagre disse lengre. Vi f\u00f8lger bokf\u00f8ringslovens krav om oppbevaring av regnskapsmateriale.<\/p>\n<p>Dersom ikke lenger \u00f8nsker \u00e5 f\u00e5 tilsendt nyhetsbrev fra oss, bruker du avmeldingslinken i nyhetsbrevet. Ved andre hendvendelser ang\u00e5ende lagringstider og sletting av personopplysninger ber vi deg \u00e5 sende en epost til support@webforumet.no.<\/p>\n<p><strong>Rettigheter<\/strong><\/p>\n<p>Du har rett til innsyn i opplysningene som er lagret om deg. Du har ogs\u00e5 rett til \u00e5 kreve at dine opplysninger kun blir brukt til sitt hovedform\u00e5l og ikke til markedsf\u00f8ring og reklame.<\/p>\n<p>Dersom du mener webforumet.no\/finans bryter personopplysningsloven, ber vi deg ta kontakt med <span style=\"text-decoration: underline;\"><a href=\"https:\/\/www.datatilsynet.no\/\">Datatilsynet<\/a>.<\/span><br \/>\n[\/et_pb_text][\/et_pb_column][\/et_pb_row][\/et_pb_section][et_pb_section fb_built=&raquo;1&#8243; _builder_version=&raquo;3.13.1&#8243;][\/et_pb_section]<\/p>\n","protected":false},"excerpt":{"rendered":"<p>Cookies og Personvern Cookies Vi bruker cookies, ogs\u00e5 kalt, informasjonskapsler, p\u00e5 webforumet.no\/finans.no. Disse retningslinjene forklarer hvordan vi gj\u00f8r det. Hva er en informasjonskapsel? En cookie er en tekstfil som inneholder en liten mengde data som lastes ned til enheten du bruker for \u00e5 f\u00e5 tilgang til nettstedet v\u00e5rt og lagret p\u00e5 enhetens harddisk. Disse informasjonskapslene [&hellip;]<\/p>\n","protected":false},"author":2,"featured_media":0,"parent":0,"menu_order":0,"comment_status":"closed","ping_status":"closed","template":"","meta":{"_et_pb_use_builder":"on","_et_pb_old_content":"","_et_gb_content_width":"","footnotes":""},"class_list":["post-313","page","type-page","status-publish","hentry"],"yoast_head":"<!-- This site is optimized with the Yoast SEO plugin v27.3 - https:\/\/yoast.com\/product\/yoast-seo-wordpress\/ -->\n<title>Cookies og personvern &#187; WF Finans<\/title>\n<meta name=\"robots\" content=\"index, follow, max-snippet:-1, max-image-preview:large, max-video-preview:-1\" \/>\n<link rel=\"canonical\" href=\"https:\/\/www.webforumet.no\/finans\/cookies-og-personvern\/\" \/>\n<meta property=\"og:locale\" content=\"nb_NO\" \/>\n<meta property=\"og:type\" content=\"article\" \/>\n<meta property=\"og:title\" content=\"Cookies og personvern &#187; WF Finans\" \/>\n<meta property=\"og:description\" content=\"Cookies og Personvern Cookies Vi bruker cookies, ogs\u00e5 kalt, informasjonskapsler, p\u00e5 webforumet.no\/finans.no. Disse retningslinjene forklarer hvordan vi gj\u00f8r det. Hva er en informasjonskapsel? En cookie er en tekstfil som inneholder en liten mengde data som lastes ned til enheten du bruker for \u00e5 f\u00e5 tilgang til nettstedet v\u00e5rt og lagret p\u00e5 enhetens harddisk. Disse informasjonskapslene [&hellip;]\" \/>\n<meta property=\"og:url\" content=\"https:\/\/www.webforumet.no\/finans\/cookies-og-personvern\/\" \/>\n<meta property=\"og:site_name\" content=\"WF Finans\" \/>\n<meta property=\"article:modified_time\" content=\"2018-09-24T08:27:01+00:00\" \/>\n<meta name=\"twitter:card\" content=\"summary_large_image\" \/>\n<meta name=\"twitter:label1\" content=\"Ansl. lesetid\" \/>\n\t<meta name=\"twitter:data1\" content=\"5 minutter\" \/>\n<script type=\"application\/ld+json\" class=\"yoast-schema-graph\">{\"@context\":\"https:\\\/\\\/schema.org\",\"@graph\":[{\"@type\":\"WebPage\",\"@id\":\"https:\\\/\\\/www.webforumet.no\\\/finans\\\/cookies-og-personvern\\\/\",\"url\":\"https:\\\/\\\/www.webforumet.no\\\/finans\\\/cookies-og-personvern\\\/\",\"name\":\"Cookies og personvern &#187; WF Finans\",\"isPartOf\":{\"@id\":\"https:\\\/\\\/www.webforumet.no\\\/finans\\\/#website\"},\"datePublished\":\"2018-09-07T11:48:38+00:00\",\"dateModified\":\"2018-09-24T08:27:01+00:00\",\"breadcrumb\":{\"@id\":\"https:\\\/\\\/www.webforumet.no\\\/finans\\\/cookies-og-personvern\\\/#breadcrumb\"},\"inLanguage\":\"nb-NO\",\"potentialAction\":[{\"@type\":\"ReadAction\",\"target\":[\"https:\\\/\\\/www.webforumet.no\\\/finans\\\/cookies-og-personvern\\\/\"]}]},{\"@type\":\"BreadcrumbList\",\"@id\":\"https:\\\/\\\/www.webforumet.no\\\/finans\\\/cookies-og-personvern\\\/#breadcrumb\",\"itemListElement\":[{\"@type\":\"ListItem\",\"position\":1,\"name\":\"Hjem\",\"item\":\"https:\\\/\\\/www.webforumet.no\\\/finans\\\/\"},{\"@type\":\"ListItem\",\"position\":2,\"name\":\"Cookies og personvern\"}]},{\"@type\":\"WebSite\",\"@id\":\"https:\\\/\\\/www.webforumet.no\\\/finans\\\/#website\",\"url\":\"https:\\\/\\\/www.webforumet.no\\\/finans\\\/\",\"name\":\"WF Finans\",\"description\":\"Finansnyheter\",\"potentialAction\":[{\"@type\":\"SearchAction\",\"target\":{\"@type\":\"EntryPoint\",\"urlTemplate\":\"https:\\\/\\\/www.webforumet.no\\\/finans\\\/?s={search_term_string}\"},\"query-input\":{\"@type\":\"PropertyValueSpecification\",\"valueRequired\":true,\"valueName\":\"search_term_string\"}}],\"inLanguage\":\"nb-NO\"}]}<\/script>\n<!-- \/ Yoast SEO plugin. -->","yoast_head_json":{"title":"Cookies og personvern &#187; WF Finans","robots":{"index":"index","follow":"follow","max-snippet":"max-snippet:-1","max-image-preview":"max-image-preview:large","max-video-preview":"max-video-preview:-1"},"canonical":"https:\/\/www.webforumet.no\/finans\/cookies-og-personvern\/","og_locale":"nb_NO","og_type":"article","og_title":"Cookies og personvern &#187; WF Finans","og_description":"Cookies og Personvern Cookies Vi bruker cookies, ogs\u00e5 kalt, informasjonskapsler, p\u00e5 webforumet.no\/finans.no. Disse retningslinjene forklarer hvordan vi gj\u00f8r det. Hva er en informasjonskapsel? En cookie er en tekstfil som inneholder en liten mengde data som lastes ned til enheten du bruker for \u00e5 f\u00e5 tilgang til nettstedet v\u00e5rt og lagret p\u00e5 enhetens harddisk. Disse informasjonskapslene [&hellip;]","og_url":"https:\/\/www.webforumet.no\/finans\/cookies-og-personvern\/","og_site_name":"WF Finans","article_modified_time":"2018-09-24T08:27:01+00:00","twitter_card":"summary_large_image","twitter_misc":{"Ansl. lesetid":"5 minutter"},"schema":{"@context":"https:\/\/schema.org","@graph":[{"@type":"WebPage","@id":"https:\/\/www.webforumet.no\/finans\/cookies-og-personvern\/","url":"https:\/\/www.webforumet.no\/finans\/cookies-og-personvern\/","name":"Cookies og personvern &#187; WF Finans","isPartOf":{"@id":"https:\/\/www.webforumet.no\/finans\/#website"},"datePublished":"2018-09-07T11:48:38+00:00","dateModified":"2018-09-24T08:27:01+00:00","breadcrumb":{"@id":"https:\/\/www.webforumet.no\/finans\/cookies-og-personvern\/#breadcrumb"},"inLanguage":"nb-NO","potentialAction":[{"@type":"ReadAction","target":["https:\/\/www.webforumet.no\/finans\/cookies-og-personvern\/"]}]},{"@type":"BreadcrumbList","@id":"https:\/\/www.webforumet.no\/finans\/cookies-og-personvern\/#breadcrumb","itemListElement":[{"@type":"ListItem","position":1,"name":"Hjem","item":"https:\/\/www.webforumet.no\/finans\/"},{"@type":"ListItem","position":2,"name":"Cookies og personvern"}]},{"@type":"WebSite","@id":"https:\/\/www.webforumet.no\/finans\/#website","url":"https:\/\/www.webforumet.no\/finans\/","name":"WF Finans","description":"Finansnyheter","potentialAction":[{"@type":"SearchAction","target":{"@type":"EntryPoint","urlTemplate":"https:\/\/www.webforumet.no\/finans\/?s={search_term_string}"},"query-input":{"@type":"PropertyValueSpecification","valueRequired":true,"valueName":"search_term_string"}}],"inLanguage":"nb-NO"}]}},"_links":{"self":[{"href":"https:\/\/www.webforumet.no\/finans\/wp-json\/wp\/v2\/pages\/313","targetHints":{"allow":["GET"]}}],"collection":[{"href":"https:\/\/www.webforumet.no\/finans\/wp-json\/wp\/v2\/pages"}],"about":[{"href":"https:\/\/www.webforumet.no\/finans\/wp-json\/wp\/v2\/types\/page"}],"author":[{"embeddable":true,"href":"https:\/\/www.webforumet.no\/finans\/wp-json\/wp\/v2\/users\/2"}],"replies":[{"embeddable":true,"href":"https:\/\/www.webforumet.no\/finans\/wp-json\/wp\/v2\/comments?post=313"}],"version-history":[{"count":7,"href":"https:\/\/www.webforumet.no\/finans\/wp-json\/wp\/v2\/pages\/313\/revisions"}],"predecessor-version":[{"id":323,"href":"https:\/\/www.webforumet.no\/finans\/wp-json\/wp\/v2\/pages\/313\/revisions\/323"}],"wp:attachment":[{"href":"https:\/\/www.webforumet.no\/finans\/wp-json\/wp\/v2\/media?parent=313"}],"curies":[{"name":"wp","href":"https:\/\/api.w.org\/{rel}","templated":true}]}}