{"id":77,"date":"2018-08-26T21:58:58","date_gmt":"2018-08-26T19:58:58","guid":{"rendered":"https:\/\/www.webforumet.no\/finans\/?page_id=77"},"modified":"2018-09-24T10:27:01","modified_gmt":"2018-09-24T08:27:01","slug":"hjem","status":"publish","type":"page","link":"https:\/\/www.webforumet.no\/finans\/","title":{"rendered":"Hjem"},"content":{"rendered":"<p>[et_pb_section bb_built=&raquo;1&#8243; specialty=&raquo;on&raquo; _builder_version=&raquo;3.0.47&#8243; next_background_color=&raquo;#000000&#8243;][et_pb_column type=&raquo;1_4&#8243;][et_pb_sidebar _builder_version=&raquo;3.15&#8243; area=&raquo;et_pb_widget_area_4&#8243; \/][\/et_pb_column][et_pb_column type=&raquo;1_2&#8243; specialty_columns=&raquo;2&#8243;][et_pb_row_inner admin_label=&raquo;Rad&raquo; _builder_version=&raquo;3.0.47&#8243;][et_pb_column_inner type=&raquo;1_2&#8243; saved_specialty_column_type=&raquo;1_2&#8243;][et_pb_text _builder_version=&raquo;3.15&#8243; background_color=&raquo;#efe9e1&#8243; border_radii=&raquo;on|0px|0px|0px|0px&raquo; border_width_all=&raquo;1px&raquo; border_color_all=&raquo;#c6c6c6&#8243; custom_padding=&raquo;6px|6px|6px|12px&raquo;]<\/p>\n<p>Tema: Bolig<\/p>\n<p>[\/et_pb_text][et_pb_blog posts_number=&raquo;4&#8243; include_categories=&raquo;65&#8243; show_more=&raquo;on&raquo; show_author=&raquo;off&raquo; show_date=&raquo;off&raquo; show_categories=&raquo;off&raquo; show_pagination=&raquo;off&raquo; _builder_version=&raquo;3.15&#8243; header_font=&raquo;|700|||||||&raquo; header_text_color=&raquo;#000000&#8243; header_font_size=&raquo;15px&raquo; body_text_color=&raquo;#000000&#8243; body_font_size=&raquo;13px&raquo; body_line_height=&raquo;1.4em&raquo; text_orientation=&raquo;left&raquo; \/][et_pb_text _builder_version=&raquo;3.15&#8243; background_color=&raquo;#efe9e1&#8243; border_radii=&raquo;on|0px|0px|0px|0px&raquo; border_width_all=&raquo;1px&raquo; border_color_all=&raquo;#c6c6c6&#8243; custom_padding=&raquo;6px|6px|6px|12px&raquo;]<\/p>\n<p>Tema: B\u00e5t<\/p>\n<p>[\/et_pb_text][et_pb_blog posts_number=&raquo;4&#8243; include_categories=&raquo;12&#8243; show_more=&raquo;on&raquo; show_author=&raquo;off&raquo; show_date=&raquo;off&raquo; show_categories=&raquo;off&raquo; show_pagination=&raquo;off&raquo; _builder_version=&raquo;3.15&#8243; header_font=&raquo;|700|||||||&raquo; header_text_color=&raquo;#000000&#8243; header_font_size=&raquo;15px&raquo; body_text_color=&raquo;#000000&#8243; body_font_size=&raquo;13px&raquo; body_line_height=&raquo;1.4em&raquo; text_orientation=&raquo;left&raquo; \/][et_pb_text _builder_version=&raquo;3.15&#8243; background_color=&raquo;#efe9e1&#8243; border_radii=&raquo;on|0px|0px|0px|0px&raquo; border_width_all=&raquo;1px&raquo; border_color_all=&raquo;#c6c6c6&#8243; custom_padding=&raquo;6px|6px|6px|12px&raquo;]<\/p>\n<p>Tema: Forbrukertips<\/p>\n<p>[\/et_pb_text][et_pb_blog posts_number=&raquo;4&#8243; include_categories=&raquo;35&#8243; show_more=&raquo;on&raquo; show_author=&raquo;off&raquo; show_date=&raquo;off&raquo; show_categories=&raquo;off&raquo; show_pagination=&raquo;off&raquo; _builder_version=&raquo;3.15&#8243; header_font=&raquo;|700|||||||&raquo; header_text_color=&raquo;#000000&#8243; header_font_size=&raquo;15px&raquo; body_text_color=&raquo;#000000&#8243; body_font_size=&raquo;13px&raquo; body_line_height=&raquo;1.4em&raquo; text_orientation=&raquo;left&raquo; \/][et_pb_text _builder_version=&raquo;3.15&#8243; background_color=&raquo;#efe9e1&#8243; border_radii=&raquo;on|0px|0px|0px|0px&raquo; border_width_all=&raquo;1px&raquo; border_color_all=&raquo;#c6c6c6&#8243; custom_padding=&raquo;6px|6px|6px|12px&raquo;]<\/p>\n<p>Tema: \u00d8konomi<\/p>\n<p>[\/et_pb_text][et_pb_blog posts_number=&raquo;4&#8243; include_categories=&raquo;33&#8243; show_more=&raquo;on&raquo; show_author=&raquo;off&raquo; show_date=&raquo;off&raquo; show_categories=&raquo;off&raquo; show_pagination=&raquo;off&raquo; _builder_version=&raquo;3.15&#8243; header_font=&raquo;|700|||||||&raquo; header_text_color=&raquo;#000000&#8243; header_font_size=&raquo;15px&raquo; body_text_color=&raquo;#000000&#8243; body_font_size=&raquo;13px&raquo; body_line_height=&raquo;1.4em&raquo; text_orientation=&raquo;left&raquo; \/][et_pb_text _builder_version=&raquo;3.15&#8243; background_color=&raquo;#efe9e1&#8243; border_radii=&raquo;on|0px|0px|0px|0px&raquo; border_width_all=&raquo;1px&raquo; border_color_all=&raquo;#c6c6c6&#8243; custom_padding=&raquo;6px|6px|6px|12px&raquo;]<\/p>\n<p>Tema: Skatt<\/p>\n<p>[\/et_pb_text][et_pb_blog posts_number=&raquo;4&#8243; include_categories=&raquo;22&#8243; show_more=&raquo;on&raquo; show_author=&raquo;off&raquo; show_date=&raquo;off&raquo; show_categories=&raquo;off&raquo; show_pagination=&raquo;off&raquo; _builder_version=&raquo;3.15&#8243; header_font=&raquo;|700|||||||&raquo; header_text_color=&raquo;#000000&#8243; header_font_size=&raquo;15px&raquo; body_text_color=&raquo;#000000&#8243; body_font_size=&raquo;13px&raquo; body_line_height=&raquo;1.4em&raquo; text_orientation=&raquo;left&raquo; \/][\/et_pb_column_inner][et_pb_column_inner type=&raquo;1_2&#8243; saved_specialty_column_type=&raquo;1_2&#8243;][et_pb_text _builder_version=&raquo;3.15&#8243; background_color=&raquo;#efe9e1&#8243; border_radii=&raquo;on|0px|0px|0px|0px&raquo; border_width_all=&raquo;1px&raquo; border_color_all=&raquo;#c6c6c6&#8243; custom_padding=&raquo;6px|6px|6px|12px&raquo;]<\/p>\n<p>Tema: Aksjer<\/p>\n<p>[\/et_pb_text][et_pb_blog posts_number=&raquo;4&#8243; include_categories=&raquo;73&#8243; show_more=&raquo;on&raquo; show_author=&raquo;off&raquo; show_date=&raquo;off&raquo; show_categories=&raquo;off&raquo; show_pagination=&raquo;off&raquo; _builder_version=&raquo;3.15&#8243; header_font=&raquo;|700|||||||&raquo; header_text_color=&raquo;#000000&#8243; header_font_size=&raquo;15px&raquo; body_text_color=&raquo;#000000&#8243; body_font_size=&raquo;13px&raquo; body_line_height=&raquo;1.4em&raquo; text_orientation=&raquo;left&raquo; \/][et_pb_text _builder_version=&raquo;3.15&#8243; background_color=&raquo;#efe9e1&#8243; border_radii=&raquo;on|0px|0px|0px|0px&raquo; border_width_all=&raquo;1px&raquo; border_color_all=&raquo;#c6c6c6&#8243; custom_padding=&raquo;6px|6px|6px|12px&raquo;]<\/p>\n<p>Tema: Bil<\/p>\n<p>[\/et_pb_text][et_pb_blog posts_number=&raquo;4&#8243; include_categories=&raquo;13&#8243; show_more=&raquo;on&raquo; show_author=&raquo;off&raquo; show_date=&raquo;off&raquo; show_categories=&raquo;off&raquo; show_pagination=&raquo;off&raquo; _builder_version=&raquo;3.15&#8243; header_font=&raquo;|700|||||||&raquo; header_text_color=&raquo;#000000&#8243; header_font_size=&raquo;15px&raquo; body_text_color=&raquo;#000000&#8243; body_font_size=&raquo;13px&raquo; body_line_height=&raquo;1.4em&raquo; text_orientation=&raquo;left&raquo; \/][et_pb_text _builder_version=&raquo;3.15&#8243; background_color=&raquo;#efe9e1&#8243; border_radii=&raquo;on|0px|0px|0px|0px&raquo; border_width_all=&raquo;1px&raquo; border_color_all=&raquo;#c6c6c6&#8243; custom_padding=&raquo;6px|6px|6px|12px&raquo;]<\/p>\n<p>Tema: Forsikring<\/p>\n<p>[\/et_pb_text][et_pb_blog posts_number=&raquo;4&#8243; include_categories=&raquo;18&#8243; show_more=&raquo;on&raquo; show_author=&raquo;off&raquo; show_date=&raquo;off&raquo; show_categories=&raquo;off&raquo; show_pagination=&raquo;off&raquo; _builder_version=&raquo;3.15&#8243; header_font=&raquo;|700|||||||&raquo; header_text_color=&raquo;#000000&#8243; header_font_size=&raquo;15px&raquo; body_text_color=&raquo;#000000&#8243; body_font_size=&raquo;13px&raquo; body_line_height=&raquo;1.4em&raquo; text_orientation=&raquo;left&raquo; \/][et_pb_text _builder_version=&raquo;3.15&#8243; background_color=&raquo;#efe9e1&#8243; border_radii=&raquo;on|0px|0px|0px|0px&raquo; border_width_all=&raquo;1px&raquo; border_color_all=&raquo;#c6c6c6&#8243; custom_padding=&raquo;6px|6px|6px|12px&raquo;]<\/p>\n<p>Tema: Gjeld<\/p>\n<p>[\/et_pb_text][et_pb_blog posts_number=&raquo;4&#8243; include_categories=&raquo;437&#8243; show_more=&raquo;on&raquo; show_author=&raquo;off&raquo; show_date=&raquo;off&raquo; show_categories=&raquo;off&raquo; show_pagination=&raquo;off&raquo; _builder_version=&raquo;3.15&#8243; header_font=&raquo;|700|||||||&raquo; header_text_color=&raquo;#000000&#8243; header_font_size=&raquo;15px&raquo; body_text_color=&raquo;#000000&#8243; body_font_size=&raquo;13px&raquo; body_line_height=&raquo;1.4em&raquo; text_orientation=&raquo;left&raquo; \/][et_pb_text _builder_version=&raquo;3.15&#8243; background_color=&raquo;#efe9e1&#8243; border_radii=&raquo;on|0px|0px|0px|0px&raquo; border_width_all=&raquo;1px&raquo; border_color_all=&raquo;#c6c6c6&#8243; custom_padding=&raquo;6px|6px|6px|12px&raquo;]<\/p>\n<p>Tema: Tjene penger<\/p>\n<p>[\/et_pb_text][et_pb_blog posts_number=&raquo;4&#8243; include_categories=&raquo;138&#8243; show_more=&raquo;on&raquo; show_author=&raquo;off&raquo; show_date=&raquo;off&raquo; show_categories=&raquo;off&raquo; show_pagination=&raquo;off&raquo; _builder_version=&raquo;3.15&#8243; header_font=&raquo;|700|||||||&raquo; header_text_color=&raquo;#000000&#8243; header_font_size=&raquo;15px&raquo; body_text_color=&raquo;#000000&#8243; body_font_size=&raquo;13px&raquo; body_line_height=&raquo;1.4em&raquo; text_orientation=&raquo;left&raquo; \/][\/et_pb_column_inner][\/et_pb_row_inner][\/et_pb_column][et_pb_column type=&raquo;1_4&#8243;][et_pb_sidebar orientation=&raquo;right&raquo; area=&raquo;et_pb_widget_area_3&#8243; _builder_version=&raquo;3.15&#8243; \/][et_pb_sidebar admin_label=&raquo;Sidekolonne aksjer&raquo; _builder_version=&raquo;3.15&#8243; area=&raquo;sidebar-1&#8243; orientation=&raquo;right&raquo; \/][\/et_pb_column][\/et_pb_section][et_pb_section bb_built=&raquo;1&#8243; disabled_on=&raquo;off|off|off&raquo; _builder_version=&raquo;3.15&#8243; global_module=&raquo;14169&#8243; prev_background_color=&raquo;#000000&#8243;][et_pb_row global_parent=&raquo;14169&#8243; _builder_version=&raquo;3.0.47&#8243; background_size=&raquo;initial&raquo; background_position=&raquo;top_left&raquo; background_repeat=&raquo;repeat&raquo; custom_padding=&raquo;15px|0px|15px|0px|false|false&raquo;][et_pb_column type=&raquo;1_2&#8243;][et_pb_text global_parent=&raquo;14169&#8243; _builder_version=&raquo;3.15&#8243; custom_padding=&raquo;20px|20px|20px|20px&raquo; background_color=&raquo;#efe9e1&#8243;]<\/p>\n<p>| <a href=\"https:\/\/www.webforumet.no\/finans\/aksjer\/\">Aksjer<\/a> | <a href=\"https:\/\/www.webforumet.no\/finans\/bank\/\">Bank<\/a>\u00a0|\u00a0<a href=\"https:\/\/www.webforumet.no\/finans\/bat\/\">B\u00e5t<\/a>\u00a0|\u00a0<a href=\"https:\/\/www.webforumet.no\/finans\/begreper\/\">Begreper<\/a>\u00a0|\u00a0<a href=\"https:\/\/www.webforumet.no\/finans\/bil\/\">Bil<\/a>\u00a0|\u00a0<a href=\"https:\/\/www.webforumet.no\/finans\/billan\/\">Bill\u00e5n |\u00a0<\/a><a href=\"https:\/\/www.webforumet.no\/finans\/boker-om-okonomi\/\">B\u00f8ker om \u00f8konomi |\u00a0<\/a><a href=\"https:\/\/www.webforumet.no\/finans\/14121-2\/\">Bolig |\u00a0<\/a><a href=\"https:\/\/www.webforumet.no\/finans\/boliglan\/\">Boligl\u00e5n |\u00a0<\/a><a href=\"https:\/\/www.webforumet.no\/finans\/diverse\/\">Diverse |\u00a0<\/a><a href=\"https:\/\/www.webforumet.no\/finans\/eu\/\">EU |\u00a0<\/a><a href=\"https:\/\/www.webforumet.no\/finans\/nyheter-fra-nettet\/\">Finansnyheter |\u00a0<\/a><a href=\"https:\/\/www.webforumet.no\/finans\/forbrukertips\/\">Forbrukertips |\u00a0<\/a><a href=\"https:\/\/www.webforumet.no\/finans\/forbrukslan\/\">Forbruksl\u00e5n |\u00a0<\/a><a href=\"https:\/\/www.webforumet.no\/finans\/forsikring\/\">Forsikring |\u00a0<\/a><a href=\"https:\/\/www.webforumet.no\/finans\/gjeld\/\">Gjeld |\u00a0<\/a><a href=\"https:\/\/www.webforumet.no\/finans\/jobb-arbeid\/\">Jobb\/Arbeid |\u00a0<\/a><a href=\"https:\/\/www.webforumet.no\/finans\/kredittkort\/\">Kredittkort |\u00a0<\/a><a href=\"https:\/\/www.webforumet.no\/finans\/kredittkort-pa-dagen\/\">Kredittkort p\u00e5 dagen |\u00a0<\/a><a href=\"https:\/\/www.webforumet.no\/finans\/lan\/\">L\u00e5n |\u00a0<\/a><a href=\"https:\/\/www.webforumet.no\/finans\/lan-pa-dagen\/\">L\u00e5n p\u00e5 dagen |\u00a0<\/a><a href=\"https:\/\/www.webforumet.no\/finans\/linker\/\">Linker |\u00a0<\/a><a href=\"https:\/\/www.webforumet.no\/finans\/morosider\/\">Morosider |\u00a0<\/a><a href=\"https:\/\/www.webforumet.no\/finans\/naeringsliv\/\">N\u00e6ringsliv |\u00a0<\/a><a href=\"https:\/\/www.webforumet.no\/finans\/okonomi\/\">\u00d8konomi |\u00a0<\/a><a href=\"https:\/\/www.webforumet.no\/finans\/okonominyheter\/\">\u00d8konominyheter |\u00a0<\/a><a href=\"https:\/\/www.webforumet.no\/finans\/okonomiske-tips\/\">\u00d8konomiske tips |\u00a0<\/a><a href=\"https:\/\/www.webforumet.no\/finans\/penger\/\">Penger | |\u00a0<\/a><a href=\"https:\/\/www.webforumet.no\/finans\/personlig-okonomi\/\">Personlig \u00f8konomi |\u00a0<\/a><a href=\"https:\/\/www.webforumet.no\/finans\/privatlan\/\">Privatl\u00e5n |\u00a0<\/a><a href=\"https:\/\/www.webforumet.no\/finans\/reise\/\">Reise |\u00a0<\/a><a href=\"https:\/\/www.webforumet.no\/finans\/renter\/\">Renter |\u00a0<\/a><a href=\"https:\/\/www.webforumet.no\/finans\/samfunn\/\">Samfunn |\u00a0<\/a><a href=\"https:\/\/www.webforumet.no\/finans\/skatt\/\">Skatt |\u00a0<\/a><a href=\"https:\/\/www.webforumet.no\/finans\/sms-lan\/\">SMS l\u00e5n |\u00a0<\/a><a href=\"https:\/\/www.webforumet.no\/finans\/spare-penger\/\">Spare penger |\u00a0<\/a><a href=\"https:\/\/www.webforumet.no\/finans\/sporsmal-og-svar-om-okonomi\/\">Sp\u00f8rsm\u00e5l og svar om \u00f8konomi |\u00a0<\/a><a href=\"https:\/\/www.webforumet.no\/finans\/studentokonomi\/\">Student\u00f8konomi |\u00a0<\/a><a href=\"https:\/\/www.webforumet.no\/finans\/valuta\/\">Valuta |\u00a0<\/a><a href=\"https:\/\/www.webforumet.no\/finans\/viktige-lenker\/\">Viktige lenker |\u00a0<\/a><a href=\"https:\/\/www.webforumet.no\/finans\/sammenligne-lan\/\">Tema: Sammenligne l\u00e5n |\u00a0<\/a><a href=\"https:\/\/www.webforumet.no\/finans\/tjene-penger\/\">Tjene penger |<\/a><\/p>\n<p>[\/et_pb_text][\/et_pb_column][et_pb_column type=&raquo;1_2&#8243;][\/et_pb_column][\/et_pb_row][\/et_pb_section]<\/p>\n","protected":false},"excerpt":{"rendered":"<p>Tema: Bolig Tema: B\u00e5t Tema: Forbrukertips Tema: \u00d8konomi Tema: Skatt Tema: Aksjer Tema: Bil Tema: Forsikring Tema: Gjeld Tema: Tjene penger | Aksjer | Bank\u00a0|\u00a0B\u00e5t\u00a0|\u00a0Begreper\u00a0|\u00a0Bil\u00a0|\u00a0Bill\u00e5n |\u00a0B\u00f8ker om \u00f8konomi |\u00a0Bolig |\u00a0Boligl\u00e5n |\u00a0Diverse |\u00a0EU |\u00a0Finansnyheter |\u00a0Forbrukertips |\u00a0Forbruksl\u00e5n |\u00a0Forsikring |\u00a0Gjeld |\u00a0Jobb\/Arbeid |\u00a0Kredittkort |\u00a0Kredittkort p\u00e5 dagen |\u00a0L\u00e5n |\u00a0L\u00e5n p\u00e5 dagen |\u00a0Linker |\u00a0Morosider |\u00a0N\u00e6ringsliv |\u00a0\u00d8konomi |\u00a0\u00d8konominyheter |\u00a0\u00d8konomiske tips |\u00a0Penger | [&hellip;]<\/p>\n","protected":false},"author":2,"featured_media":0,"parent":0,"menu_order":0,"comment_status":"closed","ping_status":"closed","template":"","meta":{"_et_pb_use_builder":"on","_et_pb_old_content":"","_et_gb_content_width":"","footnotes":""},"class_list":["post-77","page","type-page","status-publish","hentry"],"yoast_head":"<!-- This site is optimized with the Yoast SEO plugin v27.5 - https:\/\/yoast.com\/product\/yoast-seo-wordpress\/ -->\n<title>Hjem &#187; WF Finans<\/title>\n<meta name=\"robots\" content=\"index, follow, max-snippet:-1, max-image-preview:large, max-video-preview:-1\" \/>\n<link rel=\"canonical\" href=\"https:\/\/www.webforumet.no\/finans\/\" \/>\n<meta property=\"og:locale\" content=\"nb_NO\" \/>\n<meta property=\"og:type\" content=\"article\" \/>\n<meta property=\"og:title\" content=\"Hjem &#187; WF Finans\" \/>\n<meta property=\"og:description\" content=\"Tema: Bolig Tema: B\u00e5t Tema: Forbrukertips Tema: \u00d8konomi Tema: Skatt Tema: Aksjer Tema: Bil Tema: Forsikring Tema: Gjeld Tema: Tjene penger | Aksjer | Bank\u00a0|\u00a0B\u00e5t\u00a0|\u00a0Begreper\u00a0|\u00a0Bil\u00a0|\u00a0Bill\u00e5n |\u00a0B\u00f8ker om \u00f8konomi |\u00a0Bolig |\u00a0Boligl\u00e5n |\u00a0Diverse |\u00a0EU |\u00a0Finansnyheter |\u00a0Forbrukertips |\u00a0Forbruksl\u00e5n |\u00a0Forsikring |\u00a0Gjeld |\u00a0Jobb\/Arbeid |\u00a0Kredittkort |\u00a0Kredittkort p\u00e5 dagen |\u00a0L\u00e5n |\u00a0L\u00e5n p\u00e5 dagen |\u00a0Linker |\u00a0Morosider |\u00a0N\u00e6ringsliv |\u00a0\u00d8konomi |\u00a0\u00d8konominyheter |\u00a0\u00d8konomiske tips |\u00a0Penger | [&hellip;]\" \/>\n<meta property=\"og:url\" content=\"https:\/\/www.webforumet.no\/finans\/\" \/>\n<meta property=\"og:site_name\" content=\"WF Finans\" \/>\n<meta property=\"article:modified_time\" content=\"2018-09-24T08:27:01+00:00\" \/>\n<meta name=\"twitter:card\" content=\"summary_large_image\" \/>\n<meta name=\"twitter:label1\" content=\"Ansl. lesetid\" \/>\n\t<meta name=\"twitter:data1\" content=\"6 minutter\" \/>\n<script type=\"application\/ld+json\" class=\"yoast-schema-graph\">{\"@context\":\"https:\\\/\\\/schema.org\",\"@graph\":[{\"@type\":\"WebPage\",\"@id\":\"https:\\\/\\\/www.webforumet.no\\\/finans\\\/\",\"url\":\"https:\\\/\\\/www.webforumet.no\\\/finans\\\/\",\"name\":\"Hjem &#187; WF Finans\",\"isPartOf\":{\"@id\":\"https:\\\/\\\/www.webforumet.no\\\/finans\\\/#website\"},\"datePublished\":\"2018-08-26T19:58:58+00:00\",\"dateModified\":\"2018-09-24T08:27:01+00:00\",\"breadcrumb\":{\"@id\":\"https:\\\/\\\/www.webforumet.no\\\/finans\\\/#breadcrumb\"},\"inLanguage\":\"nb-NO\",\"potentialAction\":[{\"@type\":\"ReadAction\",\"target\":[\"https:\\\/\\\/www.webforumet.no\\\/finans\\\/\"]}]},{\"@type\":\"BreadcrumbList\",\"@id\":\"https:\\\/\\\/www.webforumet.no\\\/finans\\\/#breadcrumb\",\"itemListElement\":[{\"@type\":\"ListItem\",\"position\":1,\"name\":\"Hjem\",\"item\":\"https:\\\/\\\/www.webforumet.no\\\/finans\\\/\"},{\"@type\":\"ListItem\",\"position\":2,\"name\":\"Hjem\"}]},{\"@type\":\"WebSite\",\"@id\":\"https:\\\/\\\/www.webforumet.no\\\/finans\\\/#website\",\"url\":\"https:\\\/\\\/www.webforumet.no\\\/finans\\\/\",\"name\":\"WF Finans\",\"description\":\"Finansnyheter\",\"potentialAction\":[{\"@type\":\"SearchAction\",\"target\":{\"@type\":\"EntryPoint\",\"urlTemplate\":\"https:\\\/\\\/www.webforumet.no\\\/finans\\\/?s={search_term_string}\"},\"query-input\":{\"@type\":\"PropertyValueSpecification\",\"valueRequired\":true,\"valueName\":\"search_term_string\"}}],\"inLanguage\":\"nb-NO\"}]}<\/script>\n<!-- \/ Yoast SEO plugin. -->","yoast_head_json":{"title":"Hjem &#187; WF Finans","robots":{"index":"index","follow":"follow","max-snippet":"max-snippet:-1","max-image-preview":"max-image-preview:large","max-video-preview":"max-video-preview:-1"},"canonical":"https:\/\/www.webforumet.no\/finans\/","og_locale":"nb_NO","og_type":"article","og_title":"Hjem &#187; WF Finans","og_description":"Tema: Bolig Tema: B\u00e5t Tema: Forbrukertips Tema: \u00d8konomi Tema: Skatt Tema: Aksjer Tema: Bil Tema: Forsikring Tema: Gjeld Tema: Tjene penger | Aksjer | Bank\u00a0|\u00a0B\u00e5t\u00a0|\u00a0Begreper\u00a0|\u00a0Bil\u00a0|\u00a0Bill\u00e5n |\u00a0B\u00f8ker om \u00f8konomi |\u00a0Bolig |\u00a0Boligl\u00e5n |\u00a0Diverse |\u00a0EU |\u00a0Finansnyheter |\u00a0Forbrukertips |\u00a0Forbruksl\u00e5n |\u00a0Forsikring |\u00a0Gjeld |\u00a0Jobb\/Arbeid |\u00a0Kredittkort |\u00a0Kredittkort p\u00e5 dagen |\u00a0L\u00e5n |\u00a0L\u00e5n p\u00e5 dagen |\u00a0Linker |\u00a0Morosider |\u00a0N\u00e6ringsliv |\u00a0\u00d8konomi |\u00a0\u00d8konominyheter |\u00a0\u00d8konomiske tips |\u00a0Penger | [&hellip;]","og_url":"https:\/\/www.webforumet.no\/finans\/","og_site_name":"WF Finans","article_modified_time":"2018-09-24T08:27:01+00:00","twitter_card":"summary_large_image","twitter_misc":{"Ansl. lesetid":"6 minutter"},"schema":{"@context":"https:\/\/schema.org","@graph":[{"@type":"WebPage","@id":"https:\/\/www.webforumet.no\/finans\/","url":"https:\/\/www.webforumet.no\/finans\/","name":"Hjem &#187; WF Finans","isPartOf":{"@id":"https:\/\/www.webforumet.no\/finans\/#website"},"datePublished":"2018-08-26T19:58:58+00:00","dateModified":"2018-09-24T08:27:01+00:00","breadcrumb":{"@id":"https:\/\/www.webforumet.no\/finans\/#breadcrumb"},"inLanguage":"nb-NO","potentialAction":[{"@type":"ReadAction","target":["https:\/\/www.webforumet.no\/finans\/"]}]},{"@type":"BreadcrumbList","@id":"https:\/\/www.webforumet.no\/finans\/#breadcrumb","itemListElement":[{"@type":"ListItem","position":1,"name":"Hjem","item":"https:\/\/www.webforumet.no\/finans\/"},{"@type":"ListItem","position":2,"name":"Hjem"}]},{"@type":"WebSite","@id":"https:\/\/www.webforumet.no\/finans\/#website","url":"https:\/\/www.webforumet.no\/finans\/","name":"WF Finans","description":"Finansnyheter","potentialAction":[{"@type":"SearchAction","target":{"@type":"EntryPoint","urlTemplate":"https:\/\/www.webforumet.no\/finans\/?s={search_term_string}"},"query-input":{"@type":"PropertyValueSpecification","valueRequired":true,"valueName":"search_term_string"}}],"inLanguage":"nb-NO"}]}},"_links":{"self":[{"href":"https:\/\/www.webforumet.no\/finans\/wp-json\/wp\/v2\/pages\/77","targetHints":{"allow":["GET"]}}],"collection":[{"href":"https:\/\/www.webforumet.no\/finans\/wp-json\/wp\/v2\/pages"}],"about":[{"href":"https:\/\/www.webforumet.no\/finans\/wp-json\/wp\/v2\/types\/page"}],"author":[{"embeddable":true,"href":"https:\/\/www.webforumet.no\/finans\/wp-json\/wp\/v2\/users\/2"}],"replies":[{"embeddable":true,"href":"https:\/\/www.webforumet.no\/finans\/wp-json\/wp\/v2\/comments?post=77"}],"version-history":[{"count":54,"href":"https:\/\/www.webforumet.no\/finans\/wp-json\/wp\/v2\/pages\/77\/revisions"}],"predecessor-version":[{"id":14567,"href":"https:\/\/www.webforumet.no\/finans\/wp-json\/wp\/v2\/pages\/77\/revisions\/14567"}],"wp:attachment":[{"href":"https:\/\/www.webforumet.no\/finans\/wp-json\/wp\/v2\/media?parent=77"}],"curies":[{"name":"wp","href":"https:\/\/api.w.org\/{rel}","templated":true}]}}